{"id":11,"date":"2019-08-19T15:09:14","date_gmt":"2019-08-19T18:09:14","guid":{"rendered":"http:\/\/agautos.com.br\/?page_id=11"},"modified":"2022-07-11T13:08:37","modified_gmt":"2022-07-11T16:08:37","slug":"contato","status":"publish","type":"page","link":"https:\/\/agautos.com.br\/?page_id=11","title":{"rendered":"Contato"},"content":{"rendered":"<div class=\"post-content\">\n<p>Entre em contato conosco!<\/p>\n\n\n\n<p><a href=\"https:\/\/www.google.com\/search?q=ag+autos+service+endere%C3%A7o&amp;stick=H4sIAAAAAAAAAOPgE-LVT9c3NEwzMExKS8su0JLNTrbSz8lPTizJzM-DM6wSU1KKUouLF7FKJaYrJJaW5BcrFKcWlWUmpyqk5qWkFqUeXp4PANe5W-ZNAAAA&amp;ludocid=3977263418735539042&amp;sa=X&amp;ved=2ahUKEwib4NmWto_kAhWBKLkGHVo1B_wQ6BMwGXoECAsQAw\">Endere\u00e7o<\/a>:&nbsp;R. Jos\u00e9 Felix de Lima, 434 &#8211; Lagoa Sapiranga (Coit\u00e9), Fortaleza &#8211; CE, 60833-071<\/p>\n\n\n\n<p><a href=\"https:\/\/www.google.com\/search?q=ag+autos+service+hor%C3%A1rio&amp;ludocid=3977263418735539042&amp;sa=X&amp;ved=2ahUKEwib4NmWto_kAhWBKLkGHVo1B_wQ6BMwGnoECAsQBg\">Hor\u00e1rio<\/a>:&nbsp;<strong>Aberto<\/strong>&nbsp;\u22c5 Fecha \u00e0s 18:00<\/p>\n\n\n\n<p><a href=\"https:\/\/www.google.com\/search?q=ag+autos+service+telefone&amp;ludocid=3977263418735539042&amp;sa=X&amp;ved=2ahUKEwib4NmWto_kAhWBKLkGHVo1B_wQ6BMwG3oECAsQDg\">Telefone<\/a>:\u00a0<a href=\"https:\/\/www.google.com\/search?q=agautos&amp;oq=agautos&amp;aqs=chrome..69i57j0j69i60l4.3775j0j9&amp;sourceid=chrome&amp;ie=UTF-8#\">(85) <\/a>3278-6019<\/p>\n\n\n<div class=\"wpforms-container wpforms-container-full\" id=\"wpforms-13\"><form id=\"wpforms-form-13\" class=\"wpforms-validate wpforms-form\" data-formid=\"13\" method=\"post\" enctype=\"multipart\/form-data\" action=\"\/index.php?rest_route=%2Fwp%2Fv2%2Fpages%2F11\" data-token=\"98f2c969e3ad44af93c22b857dc5938f\"><noscript class=\"wpforms-error-noscript\">Please enable JavaScript in your browser to complete this form.<\/noscript><div class=\"wpforms-field-container\"><div id=\"wpforms-13-field_0-container\" class=\"wpforms-field wpforms-field-name\" data-field-id=\"0\"><label class=\"wpforms-field-label\" for=\"wpforms-13-field_0\">Nome <span class=\"wpforms-required-label\">*<\/span><\/label><div class=\"wpforms-field-row wpforms-field-medium\"><div class=\"wpforms-field-row-block wpforms-first wpforms-one-half\"><input type=\"text\" id=\"wpforms-13-field_0\" class=\"wpforms-field-name-first wpforms-field-required\" name=\"wpforms[fields][0][first]\" required><label for=\"wpforms-13-field_0\" class=\"wpforms-field-sublabel after \">First<\/label><\/div><div class=\"wpforms-field-row-block wpforms-one-half\"><input type=\"text\" id=\"wpforms-13-field_0-last\" class=\"wpforms-field-name-last wpforms-field-required\" name=\"wpforms[fields][0][last]\" required><label for=\"wpforms-13-field_0-last\" class=\"wpforms-field-sublabel after \">Last<\/label><\/div><\/div><\/div><div id=\"wpforms-13-field_1-container\" class=\"wpforms-field wpforms-field-email\" data-field-id=\"1\"><label class=\"wpforms-field-label\" for=\"wpforms-13-field_1\">E-mail <span class=\"wpforms-required-label\">*<\/span><\/label><input type=\"email\" id=\"wpforms-13-field_1\" class=\"wpforms-field-medium wpforms-field-required\" name=\"wpforms[fields][1]\" required><\/div><div id=\"wpforms-13-field_2-container\" class=\"wpforms-field wpforms-field-textarea\" data-field-id=\"2\"><label class=\"wpforms-field-label\" for=\"wpforms-13-field_2\">Coment\u00e1rio ou Mensagem <span class=\"wpforms-required-label\">*<\/span><\/label><textarea id=\"wpforms-13-field_2\" class=\"wpforms-field-medium wpforms-field-required\" name=\"wpforms[fields][2]\" required><\/textarea><\/div><\/div><div class=\"wpforms-field wpforms-field-hp\"><label for=\"wpforms-13-field-hp\" class=\"wpforms-field-label\">Comment<\/label><input type=\"text\" name=\"wpforms[hp]\" id=\"wpforms-13-field-hp\" class=\"wpforms-field-medium\"><\/div><div class=\"wpforms-submit-container\"><input type=\"hidden\" name=\"wpforms[id]\" value=\"13\"><input type=\"hidden\" name=\"wpforms[author]\" value=\"1\"><button type=\"submit\" name=\"wpforms[submit]\" id=\"wpforms-submit-13\" class=\"wpforms-submit\" data-alt-text=\"Enviando...\" data-submit-text=\"Enviar\" aria-live=\"assertive\" value=\"wpforms-submit\">Enviar<\/button><\/div><\/form><\/div>  <!-- .wpforms-container -->\n<\/div>","protected":false},"excerpt":{"rendered":"<div class=\"entry-content-stat post-content\"><p>Entre em contato conosco! Endere\u00e7o:&nbsp;R. Jos\u00e9 Felix de Lima, 434 &#8211; Lagoa Sapiranga (Coit\u00e9), Fortaleza &#8211; CE, 60833-071 Hor\u00e1rio:&nbsp;Aberto&nbsp;\u22c5 Fecha<\/p>\n<\/div><a href=\"https:\/\/agautos.com.br\/?page_id=11\">Read More<i class=\"fa fa-long-arrow-right\" aria-hidden=\"true\"><\/i><\/a>","protected":false},"author":1,"featured_media":0,"parent":0,"menu_order":0,"comment_status":"closed","ping_status":"closed","template":"","meta":[],"_links":{"self":[{"href":"https:\/\/agautos.com.br\/index.php?rest_route=\/wp\/v2\/pages\/11"}],"collection":[{"href":"https:\/\/agautos.com.br\/index.php?rest_route=\/wp\/v2\/pages"}],"about":[{"href":"https:\/\/agautos.com.br\/index.php?rest_route=\/wp\/v2\/types\/page"}],"author":[{"embeddable":true,"href":"https:\/\/agautos.com.br\/index.php?rest_route=\/wp\/v2\/users\/1"}],"replies":[{"embeddable":true,"href":"https:\/\/agautos.com.br\/index.php?rest_route=%2Fwp%2Fv2%2Fcomments&post=11"}],"version-history":[{"count":2,"href":"https:\/\/agautos.com.br\/index.php?rest_route=\/wp\/v2\/pages\/11\/revisions"}],"predecessor-version":[{"id":74,"href":"https:\/\/agautos.com.br\/index.php?rest_route=\/wp\/v2\/pages\/11\/revisions\/74"}],"wp:attachment":[{"href":"https:\/\/agautos.com.br\/index.php?rest_route=%2Fwp%2Fv2%2Fmedia&parent=11"}],"curies":[{"name":"wp","href":"https:\/\/api.w.org\/{rel}","templated":true}]}}